{"id":430,"date":"2021-03-30T14:38:08","date_gmt":"2021-03-30T13:38:08","guid":{"rendered":"https:\/\/auvigue.agencealbum.com\/?post_type=product&#038;p=430"},"modified":"2022-04-07T14:47:40","modified_gmt":"2022-04-07T13:47:40","slug":"macon-fuisse","status":"publish","type":"product","link":"https:\/\/auvigue.fr\/en\/product\/macon-fuisse\/","title":{"rendered":"M\u00e2con-Fuiss\u00e9"},"content":{"rendered":"<p>This cuv\u00e9e vinified in stainless steel tank comes from a blend of plots located in the heights of the village of Fuiss\u00e9.<\/p>","protected":false},"excerpt":{"rendered":"<p>This cuv\u00e9e vinified in stainless steel tank comes from a blend of plots located in the heights of the village of Fuiss\u00e9.<\/p>\n<p><a class=\"excerpt-more\" href=\"https:\/\/auvigue.fr\/en\/product\/macon-fuisse\/\"><i class=\"bi bi-arrow-right\"><\/i><\/a><\/p>","protected":false},"featured_media":1028,"template":"","meta":[],"product_cat":[24],"product_tag":[],"yoast_head":"<!-- This site is optimized with the Yoast SEO plugin v16.6 - https:\/\/yoast.com\/wordpress\/plugins\/seo\/ -->\n<title>M\u00e2con-Fuiss\u00e9 - Auvigue<\/title>\n<meta name=\"description\" content=\"D\u00e9couvrez les vins de la Maison Auvigue : Pouilly-Fuiss\u00e9, Saint-V\u00e9ran, M\u00e2con-Villages... Situ\u00e9e \u00e0 Fuiss\u00e9, en Bourgogne du Sud, depuis 1946.\" \/>\n<meta name=\"robots\" content=\"index, follow, max-snippet:-1, max-image-preview:large, max-video-preview:-1\" \/>\n<link rel=\"canonical\" href=\"https:\/\/auvigue.fr\/en\/product\/macon-fuisse\/\" \/>\n<meta property=\"og:locale\" content=\"en_GB\" \/>\n<meta property=\"og:type\" content=\"article\" \/>\n<meta property=\"og:title\" content=\"M\u00e2con-Fuiss\u00e9 - Auvigue\" \/>\n<meta property=\"og:description\" content=\"D\u00e9couvrez les vins de la Maison Auvigue : Pouilly-Fuiss\u00e9, Saint-V\u00e9ran, M\u00e2con-Villages... Situ\u00e9e \u00e0 Fuiss\u00e9, en Bourgogne du Sud, depuis 1946.\" \/>\n<meta property=\"og:url\" content=\"https:\/\/auvigue.fr\/en\/product\/macon-fuisse\/\" \/>\n<meta property=\"og:site_name\" content=\"Auvigue\" \/>\n<meta property=\"article:publisher\" content=\"https:\/\/www.facebook.com\/maisonauvigue\" \/>\n<meta property=\"article:modified_time\" content=\"2022-04-07T13:47:40+00:00\" \/>\n<meta property=\"og:image\" content=\"https:\/\/auvigue.fr\/wp-content\/uploads\/2021\/07\/MACON-FUISSE-AUVIGUE-1.png\" \/>\n\t<meta property=\"og:image:width\" content=\"985\" \/>\n\t<meta property=\"og:image:height\" content=\"3778\" \/>\n<meta name=\"twitter:card\" content=\"summary_large_image\" \/>\n<meta name=\"twitter:label1\" content=\"Estimated reading time\" \/>\n\t<meta name=\"twitter:data1\" content=\"1 minute\" \/>\n<script type=\"application\/ld+json\" class=\"yoast-schema-graph\">{\"@context\":\"https:\/\/schema.org\",\"@graph\":[{\"@type\":\"WebSite\",\"@id\":\"https:\/\/auvigue.fr\/#website\",\"url\":\"https:\/\/auvigue.fr\/\",\"name\":\"Auvigue\",\"description\":\"\",\"potentialAction\":[{\"@type\":\"SearchAction\",\"target\":{\"@type\":\"EntryPoint\",\"urlTemplate\":\"https:\/\/auvigue.fr\/?s={search_term_string}\"},\"query-input\":\"required name=search_term_string\"}],\"inLanguage\":\"en-GB\"},{\"@type\":\"ImageObject\",\"@id\":\"https:\/\/auvigue.fr\/produit\/macon-fuisse\/#primaryimage\",\"inLanguage\":\"en-GB\",\"url\":\"https:\/\/auvigue.fr\/wp-content\/uploads\/2021\/07\/MACON-FUISSE-AUVIGUE-1.png\",\"contentUrl\":\"https:\/\/auvigue.fr\/wp-content\/uploads\/2021\/07\/MACON-FUISSE-AUVIGUE-1.png\",\"width\":985,\"height\":3778},{\"@type\":\"WebPage\",\"@id\":\"https:\/\/auvigue.fr\/produit\/macon-fuisse\/#webpage\",\"url\":\"https:\/\/auvigue.fr\/produit\/macon-fuisse\/\",\"name\":\"M\\u00e2con-Fuiss\\u00e9 - Auvigue\",\"isPartOf\":{\"@id\":\"https:\/\/auvigue.fr\/#website\"},\"primaryImageOfPage\":{\"@id\":\"https:\/\/auvigue.fr\/produit\/macon-fuisse\/#primaryimage\"},\"datePublished\":\"2021-03-30T13:38:08+00:00\",\"dateModified\":\"2022-04-07T13:47:40+00:00\",\"description\":\"D\\u00e9couvrez les vins de la Maison Auvigue : Pouilly-Fuiss\\u00e9, Saint-V\\u00e9ran, M\\u00e2con-Villages... Situ\\u00e9e \\u00e0 Fuiss\\u00e9, en Bourgogne du Sud, depuis 1946.\",\"breadcrumb\":{\"@id\":\"https:\/\/auvigue.fr\/produit\/macon-fuisse\/#breadcrumb\"},\"inLanguage\":\"en-GB\",\"potentialAction\":[{\"@type\":\"ReadAction\",\"target\":[\"https:\/\/auvigue.fr\/produit\/macon-fuisse\/\"]}]},{\"@type\":\"BreadcrumbList\",\"@id\":\"https:\/\/auvigue.fr\/produit\/macon-fuisse\/#breadcrumb\",\"itemListElement\":[{\"@type\":\"ListItem\",\"position\":1,\"name\":\"Home\",\"item\":\"https:\/\/auvigue.fr\/\"},{\"@type\":\"ListItem\",\"position\":2,\"name\":\"Nos Vins\",\"item\":\"https:\/\/auvigue.fr\/boutique\/\"},{\"@type\":\"ListItem\",\"position\":3,\"name\":\"M\\u00e2con-Fuiss\\u00e9\"}]}]}<\/script>\n<!-- \/ Yoast SEO plugin. -->","_links":{"self":[{"href":"https:\/\/auvigue.fr\/en\/wp-json\/wp\/v2\/product\/430"}],"collection":[{"href":"https:\/\/auvigue.fr\/en\/wp-json\/wp\/v2\/product"}],"about":[{"href":"https:\/\/auvigue.fr\/en\/wp-json\/wp\/v2\/types\/product"}],"wp:featuredmedia":[{"embeddable":true,"href":"https:\/\/auvigue.fr\/en\/wp-json\/wp\/v2\/media\/1028"}],"wp:attachment":[{"href":"https:\/\/auvigue.fr\/en\/wp-json\/wp\/v2\/media?parent=430"}],"wp:term":[{"taxonomy":"product_cat","embeddable":true,"href":"https:\/\/auvigue.fr\/en\/wp-json\/wp\/v2\/product_cat?post=430"},{"taxonomy":"product_tag","embeddable":true,"href":"https:\/\/auvigue.fr\/en\/wp-json\/wp\/v2\/product_tag?post=430"}],"curies":[{"name":"wp","href":"https:\/\/api.w.org\/{rel}","templated":true}]}}