{"id":420,"date":"2021-03-30T14:26:52","date_gmt":"2021-03-30T13:26:52","guid":{"rendered":"https:\/\/auvigue.agencealbum.com\/?post_type=product&#038;p=420"},"modified":"2022-10-26T16:40:35","modified_gmt":"2022-10-26T15:40:35","slug":"la-frerie","status":"publish","type":"product","link":"https:\/\/auvigue.fr\/en\/product\/la-frerie\/","title":{"rendered":"Pouilly-Fuiss\u00e9 1er Cru \u00ab\u00a0La Fr\u00e9rie\u00a0\u00bb"},"content":{"rendered":"<p>La Fr\u00e9rie is a Pouilly-Fuiss\u00e9 Climat full of finesse and complexity, classified 1er cru from the 2020 harvest.<\/p>","protected":false},"excerpt":{"rendered":"<p>La Fr\u00e9rie is a Pouilly-Fuiss\u00e9 Climat full of finesse and complexity, classified 1er cru from the 2020 harvest.<\/p>\n<p><a class=\"excerpt-more\" href=\"https:\/\/auvigue.fr\/en\/product\/la-frerie\/\"><i class=\"bi bi-arrow-right\"><\/i><\/a><\/p>","protected":false},"featured_media":1712,"template":"","meta":[],"product_cat":[18],"product_tag":[],"yoast_head":"<!-- This site is optimized with the Yoast SEO plugin v16.6 - https:\/\/yoast.com\/wordpress\/plugins\/seo\/ -->\n<title>Pouilly-Fuiss\u00e9 1er Cru &quot;La Fr\u00e9rie&quot; - Auvigue<\/title>\n<meta name=\"description\" content=\"D\u00e9couvrez les vins de la Maison Auvigue : Pouilly-Fuiss\u00e9, Saint-V\u00e9ran, M\u00e2con-Villages... Situ\u00e9e \u00e0 Fuiss\u00e9, en Bourgogne du Sud, depuis 1946.\" \/>\n<meta name=\"robots\" content=\"index, follow, max-snippet:-1, max-image-preview:large, max-video-preview:-1\" \/>\n<link rel=\"canonical\" href=\"https:\/\/auvigue.fr\/en\/product\/la-frerie\/\" \/>\n<meta property=\"og:locale\" content=\"en_GB\" \/>\n<meta property=\"og:type\" content=\"article\" \/>\n<meta property=\"og:title\" content=\"Pouilly-Fuiss\u00e9 1er Cru &quot;La Fr\u00e9rie&quot; - Auvigue\" \/>\n<meta property=\"og:description\" content=\"D\u00e9couvrez les vins de la Maison Auvigue : Pouilly-Fuiss\u00e9, Saint-V\u00e9ran, M\u00e2con-Villages... Situ\u00e9e \u00e0 Fuiss\u00e9, en Bourgogne du Sud, depuis 1946.\" \/>\n<meta property=\"og:url\" content=\"https:\/\/auvigue.fr\/en\/product\/la-frerie\/\" \/>\n<meta property=\"og:site_name\" content=\"Auvigue\" \/>\n<meta property=\"article:publisher\" content=\"https:\/\/www.facebook.com\/maisonauvigue\" \/>\n<meta property=\"article:modified_time\" content=\"2022-10-26T15:40:35+00:00\" \/>\n<meta property=\"og:image\" content=\"https:\/\/auvigue.fr\/wp-content\/uploads\/2022\/06\/POUILLY-FUISSE-1ER-CRU-LA-FRERIE.png\" \/>\n\t<meta property=\"og:image:width\" content=\"1013\" \/>\n\t<meta property=\"og:image:height\" content=\"3810\" \/>\n<meta name=\"twitter:card\" content=\"summary_large_image\" \/>\n<meta name=\"twitter:label1\" content=\"Estimated reading time\" \/>\n\t<meta name=\"twitter:data1\" content=\"1 minute\" \/>\n<script type=\"application\/ld+json\" class=\"yoast-schema-graph\">{\"@context\":\"https:\/\/schema.org\",\"@graph\":[{\"@type\":\"WebSite\",\"@id\":\"https:\/\/auvigue.fr\/#website\",\"url\":\"https:\/\/auvigue.fr\/\",\"name\":\"Auvigue\",\"description\":\"\",\"potentialAction\":[{\"@type\":\"SearchAction\",\"target\":{\"@type\":\"EntryPoint\",\"urlTemplate\":\"https:\/\/auvigue.fr\/?s={search_term_string}\"},\"query-input\":\"required name=search_term_string\"}],\"inLanguage\":\"en-GB\"},{\"@type\":\"ImageObject\",\"@id\":\"https:\/\/auvigue.fr\/produit\/la-frerie\/#primaryimage\",\"inLanguage\":\"en-GB\",\"url\":\"https:\/\/auvigue.fr\/wp-content\/uploads\/2022\/06\/POUILLY-FUISSE-1ER-CRU-LA-FRERIE.png\",\"contentUrl\":\"https:\/\/auvigue.fr\/wp-content\/uploads\/2022\/06\/POUILLY-FUISSE-1ER-CRU-LA-FRERIE.png\",\"width\":1013,\"height\":3810},{\"@type\":\"WebPage\",\"@id\":\"https:\/\/auvigue.fr\/produit\/la-frerie\/#webpage\",\"url\":\"https:\/\/auvigue.fr\/produit\/la-frerie\/\",\"name\":\"Pouilly-Fuiss\\u00e9 1er Cru \\\"La Fr\\u00e9rie\\\" - Auvigue\",\"isPartOf\":{\"@id\":\"https:\/\/auvigue.fr\/#website\"},\"primaryImageOfPage\":{\"@id\":\"https:\/\/auvigue.fr\/produit\/la-frerie\/#primaryimage\"},\"datePublished\":\"2021-03-30T13:26:52+00:00\",\"dateModified\":\"2022-10-26T15:40:35+00:00\",\"description\":\"D\\u00e9couvrez les vins de la Maison Auvigue : Pouilly-Fuiss\\u00e9, Saint-V\\u00e9ran, M\\u00e2con-Villages... Situ\\u00e9e \\u00e0 Fuiss\\u00e9, en Bourgogne du Sud, depuis 1946.\",\"breadcrumb\":{\"@id\":\"https:\/\/auvigue.fr\/produit\/la-frerie\/#breadcrumb\"},\"inLanguage\":\"en-GB\",\"potentialAction\":[{\"@type\":\"ReadAction\",\"target\":[\"https:\/\/auvigue.fr\/produit\/la-frerie\/\"]}]},{\"@type\":\"BreadcrumbList\",\"@id\":\"https:\/\/auvigue.fr\/produit\/la-frerie\/#breadcrumb\",\"itemListElement\":[{\"@type\":\"ListItem\",\"position\":1,\"name\":\"Home\",\"item\":\"https:\/\/auvigue.fr\/\"},{\"@type\":\"ListItem\",\"position\":2,\"name\":\"Nos Vins\",\"item\":\"https:\/\/auvigue.fr\/boutique\/\"},{\"@type\":\"ListItem\",\"position\":3,\"name\":\"Pouilly-Fuiss\\u00e9 1er Cru \\u00ab\\u00a0La Fr\\u00e9rie\\u00a0\\u00bb\"}]}]}<\/script>\n<!-- \/ Yoast SEO plugin. -->","_links":{"self":[{"href":"https:\/\/auvigue.fr\/en\/wp-json\/wp\/v2\/product\/420"}],"collection":[{"href":"https:\/\/auvigue.fr\/en\/wp-json\/wp\/v2\/product"}],"about":[{"href":"https:\/\/auvigue.fr\/en\/wp-json\/wp\/v2\/types\/product"}],"wp:featuredmedia":[{"embeddable":true,"href":"https:\/\/auvigue.fr\/en\/wp-json\/wp\/v2\/media\/1712"}],"wp:attachment":[{"href":"https:\/\/auvigue.fr\/en\/wp-json\/wp\/v2\/media?parent=420"}],"wp:term":[{"taxonomy":"product_cat","embeddable":true,"href":"https:\/\/auvigue.fr\/en\/wp-json\/wp\/v2\/product_cat?post=420"},{"taxonomy":"product_tag","embeddable":true,"href":"https:\/\/auvigue.fr\/en\/wp-json\/wp\/v2\/product_tag?post=420"}],"curies":[{"name":"wp","href":"https:\/\/api.w.org\/{rel}","templated":true}]}}