{"id":1709,"date":"2022-06-16T13:19:00","date_gmt":"2022-06-16T12:19:00","guid":{"rendered":"https:\/\/auvigue.fr\/?post_type=product&#038;p=1709"},"modified":"2022-06-16T13:54:08","modified_gmt":"2022-06-16T12:54:08","slug":"pouilly-fuisse-1er-cru-au-vignerais","status":"publish","type":"product","link":"https:\/\/auvigue.fr\/en\/product\/pouilly-fuisse-1er-cru-au-vignerais\/","title":{"rendered":"Pouilly-Fuiss\u00e9 1er Cru \u00ab\u00a0Au Vignerais\u00a0\u00bb"},"content":{"rendered":"<p>Au Vignerais : Climat de Pouilly-Fuiss\u00e9 \u00e0 la min\u00e9ralit\u00e9 tr\u00e8s marqu\u00e9e, class\u00e9 en 1er cru\u00a0 \u00e0 partir de la r\u00e9colte 2020.<\/p>","protected":false},"excerpt":{"rendered":"<p>Au Vignerais : Climat de Pouilly-Fuiss\u00e9 \u00e0 la min\u00e9ralit\u00e9 tr\u00e8s marqu\u00e9e, class\u00e9 en 1er cru\u00a0 \u00e0 partir de la r\u00e9colte 2020.<\/p>\n<p><a class=\"excerpt-more\" href=\"https:\/\/auvigue.fr\/en\/product\/pouilly-fuisse-1er-cru-au-vignerais\/\"><i class=\"bi bi-arrow-right\"><\/i><\/a><\/p>","protected":false},"featured_media":1710,"template":"","meta":[],"product_cat":[18],"product_tag":[],"yoast_head":"<!-- This site is optimized with the Yoast SEO plugin v16.6 - https:\/\/yoast.com\/wordpress\/plugins\/seo\/ -->\n<title>Pouilly-Fuiss\u00e9 1er Cru &quot;Au Vignerais&quot; - Auvigue<\/title>\n<meta name=\"description\" content=\"D\u00e9couvrez les vins de la Maison Auvigue : Pouilly-Fuiss\u00e9, Saint-V\u00e9ran, M\u00e2con-Villages... Situ\u00e9e \u00e0 Fuiss\u00e9, en Bourgogne du Sud, depuis 1946.\" \/>\n<meta name=\"robots\" content=\"index, follow, max-snippet:-1, max-image-preview:large, max-video-preview:-1\" \/>\n<link rel=\"canonical\" href=\"https:\/\/auvigue.fr\/en\/product\/pouilly-fuisse-1er-cru-au-vignerais\/\" \/>\n<meta property=\"og:locale\" content=\"en_GB\" \/>\n<meta property=\"og:type\" content=\"article\" \/>\n<meta property=\"og:title\" content=\"Pouilly-Fuiss\u00e9 1er Cru &quot;Au Vignerais&quot; - Auvigue\" \/>\n<meta property=\"og:description\" content=\"D\u00e9couvrez les vins de la Maison Auvigue : Pouilly-Fuiss\u00e9, Saint-V\u00e9ran, M\u00e2con-Villages... Situ\u00e9e \u00e0 Fuiss\u00e9, en Bourgogne du Sud, depuis 1946.\" \/>\n<meta property=\"og:url\" content=\"https:\/\/auvigue.fr\/en\/product\/pouilly-fuisse-1er-cru-au-vignerais\/\" \/>\n<meta property=\"og:site_name\" content=\"Auvigue\" \/>\n<meta property=\"article:publisher\" content=\"https:\/\/www.facebook.com\/maisonauvigue\" \/>\n<meta property=\"article:modified_time\" content=\"2022-06-16T12:54:08+00:00\" \/>\n<meta property=\"og:image\" content=\"https:\/\/auvigue.fr\/wp-content\/uploads\/2022\/06\/POUILLY-FUISSE-1ER-CRU-AU-VIGNERAIS.png\" \/>\n\t<meta property=\"og:image:width\" content=\"1013\" \/>\n\t<meta property=\"og:image:height\" content=\"3810\" \/>\n<meta name=\"twitter:card\" content=\"summary_large_image\" \/>\n<meta name=\"twitter:label1\" content=\"Estimated reading time\" \/>\n\t<meta name=\"twitter:data1\" content=\"1 minute\" \/>\n<script type=\"application\/ld+json\" class=\"yoast-schema-graph\">{\"@context\":\"https:\/\/schema.org\",\"@graph\":[{\"@type\":\"WebSite\",\"@id\":\"https:\/\/auvigue.fr\/#website\",\"url\":\"https:\/\/auvigue.fr\/\",\"name\":\"Auvigue\",\"description\":\"\",\"potentialAction\":[{\"@type\":\"SearchAction\",\"target\":{\"@type\":\"EntryPoint\",\"urlTemplate\":\"https:\/\/auvigue.fr\/?s={search_term_string}\"},\"query-input\":\"required name=search_term_string\"}],\"inLanguage\":\"en-GB\"},{\"@type\":\"ImageObject\",\"@id\":\"https:\/\/auvigue.fr\/produit\/pouilly-fuisse-1er-cru-au-vignerais\/#primaryimage\",\"inLanguage\":\"en-GB\",\"url\":\"https:\/\/auvigue.fr\/wp-content\/uploads\/2022\/06\/POUILLY-FUISSE-1ER-CRU-AU-VIGNERAIS.png\",\"contentUrl\":\"https:\/\/auvigue.fr\/wp-content\/uploads\/2022\/06\/POUILLY-FUISSE-1ER-CRU-AU-VIGNERAIS.png\",\"width\":1013,\"height\":3810},{\"@type\":\"WebPage\",\"@id\":\"https:\/\/auvigue.fr\/produit\/pouilly-fuisse-1er-cru-au-vignerais\/#webpage\",\"url\":\"https:\/\/auvigue.fr\/produit\/pouilly-fuisse-1er-cru-au-vignerais\/\",\"name\":\"Pouilly-Fuiss\\u00e9 1er Cru \\\"Au Vignerais\\\" - Auvigue\",\"isPartOf\":{\"@id\":\"https:\/\/auvigue.fr\/#website\"},\"primaryImageOfPage\":{\"@id\":\"https:\/\/auvigue.fr\/produit\/pouilly-fuisse-1er-cru-au-vignerais\/#primaryimage\"},\"datePublished\":\"2022-06-16T12:19:00+00:00\",\"dateModified\":\"2022-06-16T12:54:08+00:00\",\"description\":\"D\\u00e9couvrez les vins de la Maison Auvigue : Pouilly-Fuiss\\u00e9, Saint-V\\u00e9ran, M\\u00e2con-Villages... Situ\\u00e9e \\u00e0 Fuiss\\u00e9, en Bourgogne du Sud, depuis 1946.\",\"breadcrumb\":{\"@id\":\"https:\/\/auvigue.fr\/produit\/pouilly-fuisse-1er-cru-au-vignerais\/#breadcrumb\"},\"inLanguage\":\"en-GB\",\"potentialAction\":[{\"@type\":\"ReadAction\",\"target\":[\"https:\/\/auvigue.fr\/produit\/pouilly-fuisse-1er-cru-au-vignerais\/\"]}]},{\"@type\":\"BreadcrumbList\",\"@id\":\"https:\/\/auvigue.fr\/produit\/pouilly-fuisse-1er-cru-au-vignerais\/#breadcrumb\",\"itemListElement\":[{\"@type\":\"ListItem\",\"position\":1,\"name\":\"Home\",\"item\":\"https:\/\/auvigue.fr\/\"},{\"@type\":\"ListItem\",\"position\":2,\"name\":\"Nos Vins\",\"item\":\"https:\/\/auvigue.fr\/boutique\/\"},{\"@type\":\"ListItem\",\"position\":3,\"name\":\"Pouilly-Fuiss\\u00e9 1er Cru \\u00ab\\u00a0Au Vignerais\\u00a0\\u00bb\"}]}]}<\/script>\n<!-- \/ Yoast SEO plugin. -->","_links":{"self":[{"href":"https:\/\/auvigue.fr\/en\/wp-json\/wp\/v2\/product\/1709"}],"collection":[{"href":"https:\/\/auvigue.fr\/en\/wp-json\/wp\/v2\/product"}],"about":[{"href":"https:\/\/auvigue.fr\/en\/wp-json\/wp\/v2\/types\/product"}],"wp:featuredmedia":[{"embeddable":true,"href":"https:\/\/auvigue.fr\/en\/wp-json\/wp\/v2\/media\/1710"}],"wp:attachment":[{"href":"https:\/\/auvigue.fr\/en\/wp-json\/wp\/v2\/media?parent=1709"}],"wp:term":[{"taxonomy":"product_cat","embeddable":true,"href":"https:\/\/auvigue.fr\/en\/wp-json\/wp\/v2\/product_cat?post=1709"},{"taxonomy":"product_tag","embeddable":true,"href":"https:\/\/auvigue.fr\/en\/wp-json\/wp\/v2\/product_tag?post=1709"}],"curies":[{"name":"wp","href":"https:\/\/api.w.org\/{rel}","templated":true}]}}