{"id":38,"date":"2021-03-03T14:37:29","date_gmt":"2021-03-03T13:37:29","guid":{"rendered":"https:\/\/auvigue.agencealbum.com\/?page_id=38"},"modified":"2025-01-17T11:28:31","modified_gmt":"2025-01-17T10:28:31","slug":"contact","status":"publish","type":"page","link":"https:\/\/auvigue.fr\/en\/contact\/","title":{"rendered":"Contact"},"content":{"rendered":"<h3>Auvigue<\/h3>\n\n\n\n<p><i class=\"fas fa-map-marker-alt\"><\/i>&nbsp;&nbsp; 100, place saint Germain 71960 Fuiss\u00e9<br><i class=\"fas fa-phone-alt\"><\/i>&nbsp;&nbsp; 03 85 34 17 36<br><i class=\"far fa-envelope\"><\/i>&nbsp;&nbsp; <a class=\"contact\" href=\"mailto:contact@auvigue.com\"> contact@auvigue.fr<\/a><\/p>\n\n\n\n<h3>Boutique<\/h3>\n\n\n\n<p>January to easter<\/p>\n\n\n\n<ul><li>Du lundi au vendredi 8h30-12h \/ 13h30-17h<\/li><\/ul>\n\n\n\n<p>Easter to december<\/p>\n\n\n\n<ul><li> Du lundi au vendredi 10h-12h \/ 13h30-18h30 et le samedi : 10h-12h \/ 14h-18h<\/li><\/ul>\n\n\n\n<h3>R\u00e9servation Visite<\/h3>\n\n\n\n<a title=\"Vente de billets en ligne\" href=\"https:\/\/www.billetweb.fr\/multi_event.php?multi=40285\" class=\"shop_frame\" target=\"_blank\" data-src=\"https:\/\/www.billetweb.fr\/multi_event.php?multi=40285\" data-max-width=\"100%\" data-initial-height=\"600\" data-scrolling=\"no\" data-id=\"40285\" data-resize=\"1\" rel=\"noopener\">Vente de billets en ligne<\/a><script type=\"text\/javascript\" src=\"https:\/\/www.billetweb.fr\/js\/export.js\"><\/script>","protected":false},"excerpt":{"rendered":"<p>Auvigue &nbsp;&nbsp; 100, place saint Germain 71960 Fuiss\u00e9&nbsp;&nbsp; 03 85 34 17 36&nbsp;&nbsp; contact@auvigue.fr Boutique DE JANVIER \u00c0 P\u00c2QUES Du lundi au vendredi 8h30-12h \/ 13h30-17h DE P\u00c2QUES \u00c0 FIN D\u00c9CEMBRE Du lundi au vendredi 10h-12h \/ 13h30-18h30 et le samedi : 10h-12h \/ 14h-18h R\u00e9servation Visite Vente de billets<\/p>\n<p><a class=\"excerpt-more\" href=\"https:\/\/auvigue.fr\/en\/contact\/\"><i class=\"bi bi-arrow-right\"><\/i><\/a><\/p>","protected":false},"author":1,"featured_media":835,"parent":0,"menu_order":0,"comment_status":"closed","ping_status":"closed","template":"page-templates\/page-contact.php","meta":[],"yoast_head":"<!-- This site is optimized with the Yoast SEO plugin v16.6 - https:\/\/yoast.com\/wordpress\/plugins\/seo\/ -->\n<title>Contact - Auvigue<\/title>\n<meta name=\"description\" content=\"Vins Auvigue, maison familiale sp\u00e9cialis\u00e9e fond\u00e9e en 1946 \u00e0 Fuiss\u00e9 en Bourgogne du Sud. Pouilly-Fuiss\u00e9, Saint-V\u00e9ran, M\u00e2con-Villages.\" \/>\n<meta name=\"robots\" content=\"index, follow, max-snippet:-1, max-image-preview:large, max-video-preview:-1\" \/>\n<link rel=\"canonical\" href=\"https:\/\/auvigue.fr\/en\/contact\/\" \/>\n<meta property=\"og:locale\" content=\"en_GB\" \/>\n<meta property=\"og:type\" content=\"article\" \/>\n<meta property=\"og:title\" content=\"Contact - Auvigue\" \/>\n<meta property=\"og:description\" content=\"Vins Auvigue, maison familiale sp\u00e9cialis\u00e9e fond\u00e9e en 1946 \u00e0 Fuiss\u00e9 en Bourgogne du Sud. Pouilly-Fuiss\u00e9, Saint-V\u00e9ran, M\u00e2con-Villages.\" \/>\n<meta property=\"og:url\" content=\"https:\/\/auvigue.fr\/en\/contact\/\" \/>\n<meta property=\"og:site_name\" content=\"Auvigue\" \/>\n<meta property=\"article:publisher\" content=\"https:\/\/www.facebook.com\/maisonauvigue\" \/>\n<meta property=\"article:modified_time\" content=\"2025-01-17T10:28:31+00:00\" \/>\n<meta property=\"og:image\" content=\"https:\/\/auvigue.fr\/wp-content\/uploads\/2021\/06\/Fichier_003-scaled.jpeg\" \/>\n\t<meta property=\"og:image:width\" content=\"2560\" \/>\n\t<meta property=\"og:image:height\" content=\"1920\" \/>\n<meta name=\"twitter:card\" content=\"summary_large_image\" \/>\n<meta name=\"twitter:label1\" content=\"Estimated reading time\" \/>\n\t<meta name=\"twitter:data1\" content=\"1 minute\" \/>\n<script type=\"application\/ld+json\" class=\"yoast-schema-graph\">{\"@context\":\"https:\/\/schema.org\",\"@graph\":[{\"@type\":\"WebSite\",\"@id\":\"https:\/\/auvigue.fr\/#website\",\"url\":\"https:\/\/auvigue.fr\/\",\"name\":\"Auvigue\",\"description\":\"\",\"potentialAction\":[{\"@type\":\"SearchAction\",\"target\":{\"@type\":\"EntryPoint\",\"urlTemplate\":\"https:\/\/auvigue.fr\/?s={search_term_string}\"},\"query-input\":\"required name=search_term_string\"}],\"inLanguage\":\"en-GB\"},{\"@type\":\"ImageObject\",\"@id\":\"https:\/\/auvigue.fr\/contact\/#primaryimage\",\"inLanguage\":\"en-GB\",\"url\":\"https:\/\/auvigue.fr\/wp-content\/uploads\/2021\/06\/Fichier_003-scaled.jpeg\",\"contentUrl\":\"https:\/\/auvigue.fr\/wp-content\/uploads\/2021\/06\/Fichier_003-scaled.jpeg\",\"width\":2560,\"height\":1920},{\"@type\":\"WebPage\",\"@id\":\"https:\/\/auvigue.fr\/contact\/#webpage\",\"url\":\"https:\/\/auvigue.fr\/contact\/\",\"name\":\"Contact - Auvigue\",\"isPartOf\":{\"@id\":\"https:\/\/auvigue.fr\/#website\"},\"primaryImageOfPage\":{\"@id\":\"https:\/\/auvigue.fr\/contact\/#primaryimage\"},\"datePublished\":\"2021-03-03T13:37:29+00:00\",\"dateModified\":\"2025-01-17T10:28:31+00:00\",\"description\":\"Vins Auvigue, maison familiale sp\\u00e9cialis\\u00e9e fond\\u00e9e en 1946 \\u00e0 Fuiss\\u00e9 en Bourgogne du Sud. Pouilly-Fuiss\\u00e9, Saint-V\\u00e9ran, M\\u00e2con-Villages.\",\"breadcrumb\":{\"@id\":\"https:\/\/auvigue.fr\/contact\/#breadcrumb\"},\"inLanguage\":\"en-GB\",\"potentialAction\":[{\"@type\":\"ReadAction\",\"target\":[\"https:\/\/auvigue.fr\/contact\/\"]}]},{\"@type\":\"BreadcrumbList\",\"@id\":\"https:\/\/auvigue.fr\/contact\/#breadcrumb\",\"itemListElement\":[{\"@type\":\"ListItem\",\"position\":1,\"name\":\"Home\",\"item\":\"https:\/\/auvigue.fr\/\"},{\"@type\":\"ListItem\",\"position\":2,\"name\":\"Contact\"}]}]}<\/script>\n<!-- \/ Yoast SEO plugin. -->","_links":{"self":[{"href":"https:\/\/auvigue.fr\/en\/wp-json\/wp\/v2\/pages\/38"}],"collection":[{"href":"https:\/\/auvigue.fr\/en\/wp-json\/wp\/v2\/pages"}],"about":[{"href":"https:\/\/auvigue.fr\/en\/wp-json\/wp\/v2\/types\/page"}],"author":[{"embeddable":true,"href":"https:\/\/auvigue.fr\/en\/wp-json\/wp\/v2\/users\/1"}],"replies":[{"embeddable":true,"href":"https:\/\/auvigue.fr\/en\/wp-json\/wp\/v2\/comments?post=38"}],"version-history":[{"count":74,"href":"https:\/\/auvigue.fr\/en\/wp-json\/wp\/v2\/pages\/38\/revisions"}],"predecessor-version":[{"id":3281,"href":"https:\/\/auvigue.fr\/en\/wp-json\/wp\/v2\/pages\/38\/revisions\/3281"}],"wp:featuredmedia":[{"embeddable":true,"href":"https:\/\/auvigue.fr\/en\/wp-json\/wp\/v2\/media\/835"}],"wp:attachment":[{"href":"https:\/\/auvigue.fr\/en\/wp-json\/wp\/v2\/media?parent=38"}],"curies":[{"name":"wp","href":"https:\/\/api.w.org\/{rel}","templated":true}]}}